{"id":2305,"date":"2022-06-23T23:43:24","date_gmt":"2022-06-23T23:43:24","guid":{"rendered":"https:\/\/zurca.com\/?page_id=2305"},"modified":"2023-09-01T23:49:45","modified_gmt":"2023-09-01T23:49:45","slug":"privacy-policy","status":"publish","type":"page","link":"https:\/\/zurca.com\/es\/privacidad\/","title":{"rendered":"Poliza de Privacidad"},"content":{"rendered":"<div data-elementor-type=\"wp-page\" data-elementor-id=\"2305\" class=\"elementor elementor-2305\" data-elementor-post-type=\"page\">\n\t\t\t\t\t\t\t\t\t<section class=\"elementor-section elementor-top-section elementor-element elementor-element-586306a6 elementor-section-height-min-height elementor-section-items-bottom elementor-section-boxed elementor-section-height-default\" data-id=\"586306a6\" data-element_type=\"section\" data-settings=\"{&quot;background_background&quot;:&quot;classic&quot;}\">\n\t\t\t\t\t\t\t<div class=\"elementor-background-overlay\"><\/div>\n\t\t\t\t\t\t\t<div class=\"elementor-container elementor-column-gap-no\">\n\t\t\t\t\t<div class=\"elementor-column elementor-col-50 elementor-top-column elementor-element elementor-element-89ea3d5 elementor-hidden-tablet elementor-hidden-phone\" data-id=\"89ea3d5\" data-element_type=\"column\">\n\t\t\t<div class=\"elementor-widget-wrap\">\n\t\t\t\t\t\t\t\t\t<\/div>\n\t\t<\/div>\n\t\t\t\t<div class=\"elementor-column elementor-col-50 elementor-top-column elementor-element elementor-element-34d35348\" data-id=\"34d35348\" data-element_type=\"column\">\n\t\t\t<div class=\"elementor-widget-wrap elementor-element-populated\">\n\t\t\t\t\t\t\t\t<section class=\"elementor-section elementor-inner-section elementor-element elementor-element-6f35c2c7 elementor-section-boxed elementor-section-height-default elementor-section-height-default elementor-invisible\" data-id=\"6f35c2c7\" data-element_type=\"section\" data-settings=\"{&quot;animation&quot;:&quot;fadeInUp&quot;}\">\n\t\t\t\t\t\t<div class=\"elementor-container elementor-column-gap-no\">\n\t\t\t\t\t<div class=\"elementor-column elementor-col-50 elementor-inner-column elementor-element elementor-element-7c772fb6\" data-id=\"7c772fb6\" data-element_type=\"column\" data-settings=\"{&quot;background_background&quot;:&quot;classic&quot;}\">\n\t\t\t<div class=\"elementor-widget-wrap elementor-element-populated\">\n\t\t\t\t\t\t\t\t<div class=\"elementor-element elementor-element-47f84d0a elementor-widget elementor-widget-heading\" data-id=\"47f84d0a\" data-element_type=\"widget\" data-widget_type=\"heading.default\">\n\t\t\t\t<div class=\"elementor-widget-container\">\n\t\t\t<style>\/*! elementor - v3.14.0 - 26-06-2023 *\/\n.elementor-heading-title{padding:0;margin:0;line-height:1}.elementor-widget-heading .elementor-heading-title[class*=elementor-size-]>a{color:inherit;font-size:inherit;line-height:inherit}.elementor-widget-heading .elementor-heading-title.elementor-size-small{font-size:15px}.elementor-widget-heading .elementor-heading-title.elementor-size-medium{font-size:19px}.elementor-widget-heading .elementor-heading-title.elementor-size-large{font-size:29px}.elementor-widget-heading .elementor-heading-title.elementor-size-xl{font-size:39px}.elementor-widget-heading .elementor-heading-title.elementor-size-xxl{font-size:59px}<\/style><h1 class=\"elementor-heading-title elementor-size-default\">Poliza de Privacidad<\/h1>\t\t<\/div>\n\t\t\t\t<\/div>\n\t\t\t\t\t<\/div>\n\t\t<\/div>\n\t\t\t\t<div class=\"elementor-column elementor-col-50 elementor-inner-column elementor-element elementor-element-2a256b0f\" data-id=\"2a256b0f\" data-element_type=\"column\" data-settings=\"{&quot;background_background&quot;:&quot;classic&quot;}\">\n\t\t\t<div class=\"elementor-widget-wrap\">\n\t\t\t\t\t\t\t\t\t<\/div>\n\t\t<\/div>\n\t\t\t\t\t\t\t<\/div>\n\t\t<\/section>\n\t\t\t\t\t<\/div>\n\t\t<\/div>\n\t\t\t\t\t\t\t<\/div>\n\t\t<\/section>\n\t\t\t\t<section class=\"elementor-section elementor-top-section elementor-element elementor-element-1d41eca3 elementor-section-boxed elementor-section-height-default elementor-section-height-default\" data-id=\"1d41eca3\" data-element_type=\"section\">\n\t\t\t\t\t\t<div class=\"elementor-container elementor-column-gap-no\">\n\t\t\t\t\t<div class=\"elementor-column elementor-col-100 elementor-top-column elementor-element elementor-element-7bf6c5e0\" data-id=\"7bf6c5e0\" data-element_type=\"column\" data-settings=\"{&quot;background_background&quot;:&quot;classic&quot;}\">\n\t\t\t<div class=\"elementor-widget-wrap elementor-element-populated\">\n\t\t\t\t\t\t\t\t<div class=\"elementor-element elementor-element-444f6b7 animated-slow elementor-invisible elementor-widget elementor-widget-jkit_heading\" data-id=\"444f6b7\" data-element_type=\"widget\" data-settings=\"{&quot;_animation&quot;:&quot;fadeInLeft&quot;}\" data-widget_type=\"jkit_heading.default\">\n\t\t\t\t<div class=\"elementor-widget-container\">\n\t\t\t<div  class=\"jeg-elementor-kit jkit-heading  align-left align-tablet- align-mobile- jeg_module___69ea6e95277a2\" ><div class=\"heading-section-title  display-inline-block\"><h5 class=\"heading-title\">Zurca <span class=\"style-color\"><span>Designs Pol\u00edza de Privacidad<\/span><\/span><\/h5><\/div><\/div>\t\t<\/div>\n\t\t\t\t<\/div>\n\t\t\t\t<div class=\"elementor-element elementor-element-672b8c45 elementor-widget elementor-widget-text-editor\" data-id=\"672b8c45\" data-element_type=\"widget\" data-widget_type=\"text-editor.default\">\n\t\t\t\t<div class=\"elementor-widget-container\">\n\t\t\t<style>\/*! elementor - v3.14.0 - 26-06-2023 *\/\n.elementor-widget-text-editor.elementor-drop-cap-view-stacked .elementor-drop-cap{background-color:#69727d;color:#fff}.elementor-widget-text-editor.elementor-drop-cap-view-framed .elementor-drop-cap{color:#69727d;border:3px solid;background-color:transparent}.elementor-widget-text-editor:not(.elementor-drop-cap-view-default) .elementor-drop-cap{margin-top:8px}.elementor-widget-text-editor:not(.elementor-drop-cap-view-default) .elementor-drop-cap-letter{width:1em;height:1em}.elementor-widget-text-editor .elementor-drop-cap{float:left;text-align:center;line-height:1;font-size:50px}.elementor-widget-text-editor .elementor-drop-cap-letter{display:inline-block}<\/style>\t\t\t\t<p>Su privacidad es nuestra principal preocupaci\u00f3n. En Zurca Designs entendemos lo importante que es la privacidad para cada uno de nosotros y nos aseguramos de preservarla por todos los medios. Esta pol\u00edtica tiene como objetivo describir c\u00f3mo capturamos, utilizamos y procesamos los datos personales de nuestros clientes y visitantes.<\/p><p>Esta pol\u00edtica de privacidad explica c\u00f3mo, qu\u00e9 y por qu\u00e9 se utiliza y almacena la informaci\u00f3n personal que usted env\u00eda a trav\u00e9s de formularios en el sitio web o que recopilamos de usted.<\/p><p>Cabe se\u00f1alar que al visitar y utilizar nuestro sitio web, www.zurca.com, usted acepta nuestros t\u00e9rminos y condiciones mencionados en esta pol\u00edtica de privacidad. Adem\u00e1s, seguimos actualizando nuestras pol\u00edticas, por lo que se recomienda visitar esta p\u00e1gina de vez en cuando para mantenerse al tanto de los \u00faltimos t\u00e9rminos y condiciones.<\/p><p>Recopilamos los siguientes datos de su visita a nuestro sitio web,<\/p><ul><li>P\u00e1ginas vistas<\/li><li>Recursos del sitio web a los que accedi\u00f3 en diferentes p\u00e1ginas<\/li><li>Datos de comunicaci\u00f3n<\/li><li>Datos de localizaci\u00f3n<\/li><li>Datos de tr\u00e1fico<\/li><\/ul><p>Algunos de los datos se reciben directamente de usted, de forma voluntaria, a trav\u00e9s de modos de comunicaci\u00f3n configurados en nuestro sitio web, como formularios, correo electr\u00f3nico directo y opciones de llamada, mientras que obtenemos acceso a otra informaci\u00f3n a trav\u00e9s de la comunicaci\u00f3n que usted tiene con nuestros asociados mientras est\u00e1 en el sitio web.<\/p><p>Cabe se\u00f1alar que los datos mencionados anteriormente no identifican personalmente al usuario. Son solo datos estad\u00edsticos los que nos ayudan a mejorar nuestro sitio web y los servicios que ofrecemos.<\/p><p>Nota: No guardamos su informaci\u00f3n financiera, los detalles de su tarjeta de cr\u00e9dito\/d\u00e9bito ni los detalles de su cuenta bancaria durante el procesamiento de pagos para ning\u00fan tipo de servicio que utilice.<\/p><p><span style=\"color: #808080;\"><strong>USO DE COOKIES<\/strong><\/span><br \/>Las cookies ayudan a identificar la computadora que utiliza un usuario. Podemos utilizar cookies para capturar datos sobre su computadora y red solo para mejorar nuestras ofertas y nuestro sitio web. No recopilamos ni almacenamos datos que revelen la identidad del usuario. La privacidad del usuario permanece intacta en todo momento.<\/p><p>Puede optar por no guardar cookies desde la configuraci\u00f3n de su computadora si no desea que guardemos datos estad\u00edsticos.<\/p><p><strong>\u00bfC\u00d3MO UTILIZAMOS LOS DATOS CAPTURADOS?<\/strong><br \/>El objetivo principal del almacenamiento de datos es proporcionar lo mejor de nuestros servicios mejorando nuestro sitio web. Puede consultar las finalidades de los datos recabados a continuaci\u00f3n:<\/p><ul><li>Para proporcionarle r\u00e1pidamente la informaci\u00f3n solicitada<\/li><li>Para proporcionar informaci\u00f3n relacionada con productos o servicios similares.<\/li><li>Para informarle sobre cualquier cambio en nuestras ofertas de servicios, sitio web y productos.<\/li><li>Para brindarle la informaci\u00f3n m\u00e1s reciente sobre los servicios o productos que nos compr\u00f3 antes<\/li><\/ul><p>La informaci\u00f3n que usted proporciona puede compartirse con algunos terceros seleccionados cuyos productos o servicios podr\u00edan ser de su inter\u00e9s, solo si usted brinda su consentimiento para ello. Puede retirar el consentimiento en cualquier momento que lo desee.<\/p><p><strong>ALMACENAMIENTO Y SEGURIDAD DE INFORMACI\u00d3N PERSONAL<\/strong><br \/>Al completar formularios en nuestro sitio web, usted nos proporciona su informaci\u00f3n personal y accede a la misma para futuras referencias. Implementamos todas las medidas posibles para proteger su informaci\u00f3n personal pero no podemos garantizar lo mismo ya que el env\u00edo de informaci\u00f3n a trav\u00e9s de Internet no es completamente seguro. Los datos pueden ser interceptados y compartir cualquier informaci\u00f3n personal es completamente bajo su propio riesgo.<\/p><p><strong>DIVULGACI\u00d3N DE DATOS<\/strong><br \/>No revelamos la informaci\u00f3n personal de nuestros clientes o visitantes a terceros. No comercializamos informaci\u00f3n personal ni la vendemos ni alquilamos a terceros. Podemos compartir informaci\u00f3n agregada gen\u00e9rica con nuestros socios comerciales, afiliados y anunciantes de confianza con fines de marketing.<\/p><p>Nota: Cualquier informaci\u00f3n que circule dentro de nuestro c\u00edrculo empresarial de confianza no revela la identidad de nadie. Su privacidad permanece preservada en todo momento.<\/p><p><strong>ENLACES DE TERCEROS EN EL SITIO WEB<\/strong><br \/>Es posible que tengamos enlaces de terceros en nuestro sitio web que redirigen a sitios web de proveedores, lo que no significa que respaldamos o aprobamos la pol\u00edtica de nuestro sitio web con respecto a la privacidad de los visitantes. Se recomienda revisar la pol\u00edtica de privacidad del sitio web de terceros antes de compartir informaci\u00f3n personal.<\/p><p><strong>MODIFICACIONES A ESTA LICENCIA<\/strong><br \/>Seguimos modificando esta pol\u00edtica para garantizar la m\u00e1xima seguridad de sus datos y detalles que comparte con nosotros de vez en cuando. Actualizamos la fecha en esta p\u00e1gina cada vez que revisamos y publicamos la pol\u00edtica modificada. Alentamos a los visitantes y clientes de nuestro sitio web a que consulten con frecuencia esta p\u00e1gina y se mantengan informados sobre las \u00faltimas medidas y modificaciones. Consideramos que usted reconoce y acepta revisar la pol\u00edtica de privacidad peri\u00f3dicamente y mantenerse informado sobre las actualizaciones y modificaciones.<\/p><p><strong>SU ACEPTACI\u00d3N DE ESTA POL\u00cdTICA DE PRIVACIDAD<\/strong><br \/>Su uso del sitio web garantiza su aceptaci\u00f3n de esta pol\u00edtica de privacidad. Si no desea dar su aceptaci\u00f3n o no est\u00e1 de acuerdo con los t\u00e9rminos mencionados en esta pol\u00edtica, se recomienda que no utilice zurca.com.<\/p><p>Su uso continuado de nuestro sitio web, <a href=\"https:\/\/zurca.com\/es\/\">www.zurca.com<\/a>, tras las modificaciones a esta pol\u00edtica de privacidad, se considerar\u00e1 como su aceptaci\u00f3n de los nuevos t\u00e9rminos y condiciones.<\/p>\t\t\t\t\t\t<\/div>\n\t\t\t\t<\/div>\n\t\t\t\t<div class=\"elementor-element elementor-element-ad6267e elementor-widget-divider--view-line elementor-widget elementor-widget-divider\" data-id=\"ad6267e\" data-element_type=\"widget\" data-widget_type=\"divider.default\">\n\t\t\t\t<div class=\"elementor-widget-container\">\n\t\t\t<style>\/*! elementor - v3.14.0 - 26-06-2023 *\/\n.elementor-widget-divider{--divider-border-style:none;--divider-border-width:1px;--divider-color:#0c0d0e;--divider-icon-size:20px;--divider-element-spacing:10px;--divider-pattern-height:24px;--divider-pattern-size:20px;--divider-pattern-url:none;--divider-pattern-repeat:repeat-x}.elementor-widget-divider .elementor-divider{display:flex}.elementor-widget-divider .elementor-divider__text{font-size:15px;line-height:1;max-width:95%}.elementor-widget-divider .elementor-divider__element{margin:0 var(--divider-element-spacing);flex-shrink:0}.elementor-widget-divider .elementor-icon{font-size:var(--divider-icon-size)}.elementor-widget-divider .elementor-divider-separator{display:flex;margin:0;direction:ltr}.elementor-widget-divider--view-line_icon .elementor-divider-separator,.elementor-widget-divider--view-line_text .elementor-divider-separator{align-items:center}.elementor-widget-divider--view-line_icon .elementor-divider-separator:after,.elementor-widget-divider--view-line_icon .elementor-divider-separator:before,.elementor-widget-divider--view-line_text .elementor-divider-separator:after,.elementor-widget-divider--view-line_text .elementor-divider-separator:before{display:block;content:\"\";border-bottom:0;flex-grow:1;border-top:var(--divider-border-width) var(--divider-border-style) var(--divider-color)}.elementor-widget-divider--element-align-left .elementor-divider .elementor-divider-separator>.elementor-divider__svg:first-of-type{flex-grow:0;flex-shrink:100}.elementor-widget-divider--element-align-left .elementor-divider-separator:before{content:none}.elementor-widget-divider--element-align-left .elementor-divider__element{margin-left:0}.elementor-widget-divider--element-align-right .elementor-divider .elementor-divider-separator>.elementor-divider__svg:last-of-type{flex-grow:0;flex-shrink:100}.elementor-widget-divider--element-align-right .elementor-divider-separator:after{content:none}.elementor-widget-divider--element-align-right .elementor-divider__element{margin-right:0}.elementor-widget-divider:not(.elementor-widget-divider--view-line_text):not(.elementor-widget-divider--view-line_icon) .elementor-divider-separator{border-top:var(--divider-border-width) var(--divider-border-style) var(--divider-color)}.elementor-widget-divider--separator-type-pattern{--divider-border-style:none}.elementor-widget-divider--separator-type-pattern.elementor-widget-divider--view-line .elementor-divider-separator,.elementor-widget-divider--separator-type-pattern:not(.elementor-widget-divider--view-line) .elementor-divider-separator:after,.elementor-widget-divider--separator-type-pattern:not(.elementor-widget-divider--view-line) .elementor-divider-separator:before,.elementor-widget-divider--separator-type-pattern:not([class*=elementor-widget-divider--view]) .elementor-divider-separator{width:100%;min-height:var(--divider-pattern-height);-webkit-mask-size:var(--divider-pattern-size) 100%;mask-size:var(--divider-pattern-size) 100%;-webkit-mask-repeat:var(--divider-pattern-repeat);mask-repeat:var(--divider-pattern-repeat);background-color:var(--divider-color);-webkit-mask-image:var(--divider-pattern-url);mask-image:var(--divider-pattern-url)}.elementor-widget-divider--no-spacing{--divider-pattern-size:auto}.elementor-widget-divider--bg-round{--divider-pattern-repeat:round}.rtl .elementor-widget-divider .elementor-divider__text{direction:rtl}.e-con-inner>.elementor-widget-divider,.e-con>.elementor-widget-divider{width:var(--container-widget-width,100%);--flex-grow:var(--container-widget-flex-grow)}<\/style>\t\t<div class=\"elementor-divider\">\n\t\t\t<span class=\"elementor-divider-separator\">\n\t\t\t\t\t\t<\/span>\n\t\t<\/div>\n\t\t\t\t<\/div>\n\t\t\t\t<\/div>\n\t\t\t\t\t<\/div>\n\t\t<\/div>\n\t\t\t\t\t\t\t<\/div>\n\t\t<\/section>\n\t\t\t\t\t\t\t<\/div>","protected":false},"excerpt":{"rendered":"<p>Privacy Policy Zurca Designs Privacy Policy Your privacy is our foremost concern. At Zurca Designs, we understand how important privacy is for each one of us and we ensure to preserve it by all means. This policy is intended to describe how we capture, use and process our clients\u2019 and visitors\u2019 personal data. This privacy [&hellip;]<\/p>","protected":false},"author":1,"featured_media":0,"parent":0,"menu_order":0,"comment_status":"closed","ping_status":"closed","template":"elementor_header_footer","meta":{"_vp_format_video_url":"","_vp_image_focal_point":[],"footnotes":""},"class_list":["post-2305","page","type-page","status-publish","hentry"],"yoast_head":"<!-- This site is optimized with the Yoast SEO plugin v21.0 - https:\/\/yoast.com\/wordpress\/plugins\/seo\/ -->\n<title>Privacy Policy - Zurca Designs<\/title>\n<meta name=\"robots\" content=\"noindex, nofollow\" \/>\n<meta property=\"og:locale\" content=\"es_MX\" \/>\n<meta property=\"og:type\" content=\"article\" \/>\n<meta property=\"og:title\" content=\"Privacy Policy - Zurca Designs\" \/>\n<meta property=\"og:description\" content=\"Privacy Policy Zurca Designs Privacy Policy Your privacy is our foremost concern. At Zurca Designs, we understand how important privacy is for each one of us and we ensure to preserve it by all means. This policy is intended to describe how we capture, use and process our clients\u2019 and visitors\u2019 personal data. This privacy [&hellip;]\" \/>\n<meta property=\"og:url\" content=\"https:\/\/zurca.com\/es\/privacy-policy\/\" \/>\n<meta property=\"og:site_name\" content=\"Zurca Designs\" \/>\n<meta property=\"article:modified_time\" content=\"2023-09-01T23:49:45+00:00\" \/>\n<meta name=\"twitter:card\" content=\"summary_large_image\" \/>\n<meta name=\"twitter:label1\" content=\"Tiempo de lectura\" \/>\n\t<meta name=\"twitter:data1\" content=\"4 minutos\" \/>\n<script type=\"application\/ld+json\" class=\"yoast-schema-graph\">{\"@context\":\"https:\/\/schema.org\",\"@graph\":[{\"@type\":\"WebPage\",\"@id\":\"https:\/\/zurca.com\/privacy-policy\/\",\"url\":\"https:\/\/zurca.com\/privacy-policy\/\",\"name\":\"Privacy Policy - Zurca Designs\",\"isPartOf\":{\"@id\":\"https:\/\/zurca.com\/#website\"},\"datePublished\":\"2022-06-23T23:43:24+00:00\",\"dateModified\":\"2023-09-01T23:49:45+00:00\",\"breadcrumb\":{\"@id\":\"https:\/\/zurca.com\/privacy-policy\/#breadcrumb\"},\"inLanguage\":\"es\",\"potentialAction\":[{\"@type\":\"ReadAction\",\"target\":[\"https:\/\/zurca.com\/privacy-policy\/\"]}]},{\"@type\":\"BreadcrumbList\",\"@id\":\"https:\/\/zurca.com\/privacy-policy\/#breadcrumb\",\"itemListElement\":[{\"@type\":\"ListItem\",\"position\":1,\"name\":\"Home\",\"item\":\"https:\/\/zurca.com\/en\/\"},{\"@type\":\"ListItem\",\"position\":2,\"name\":\"Privacy Policy\"}]},{\"@type\":\"WebSite\",\"@id\":\"https:\/\/zurca.com\/#website\",\"url\":\"https:\/\/zurca.com\/\",\"name\":\"Zurca Designs\",\"description\":\"Digital Design Agency\",\"potentialAction\":[{\"@type\":\"SearchAction\",\"target\":{\"@type\":\"EntryPoint\",\"urlTemplate\":\"https:\/\/zurca.com\/?s={search_term_string}\"},\"query-input\":\"required name=search_term_string\"}],\"inLanguage\":\"es\"}]}<\/script>\n<!-- \/ Yoast SEO plugin. -->","yoast_head_json":{"title":"Privacy Policy - Zurca Designs","robots":{"index":"noindex","follow":"nofollow"},"og_locale":"es_MX","og_type":"article","og_title":"Privacy Policy - Zurca Designs","og_description":"Privacy Policy Zurca Designs Privacy Policy Your privacy is our foremost concern. At Zurca Designs, we understand how important privacy is for each one of us and we ensure to preserve it by all means. This policy is intended to describe how we capture, use and process our clients\u2019 and visitors\u2019 personal data. This privacy [&hellip;]","og_url":"https:\/\/zurca.com\/es\/privacy-policy\/","og_site_name":"Zurca Designs","article_modified_time":"2023-09-01T23:49:45+00:00","twitter_card":"summary_large_image","twitter_misc":{"Tiempo de lectura":"4 minutos"},"schema":{"@context":"https:\/\/schema.org","@graph":[{"@type":"WebPage","@id":"https:\/\/zurca.com\/privacy-policy\/","url":"https:\/\/zurca.com\/privacy-policy\/","name":"Privacy Policy - Zurca Designs","isPartOf":{"@id":"https:\/\/zurca.com\/#website"},"datePublished":"2022-06-23T23:43:24+00:00","dateModified":"2023-09-01T23:49:45+00:00","breadcrumb":{"@id":"https:\/\/zurca.com\/privacy-policy\/#breadcrumb"},"inLanguage":"es","potentialAction":[{"@type":"ReadAction","target":["https:\/\/zurca.com\/privacy-policy\/"]}]},{"@type":"BreadcrumbList","@id":"https:\/\/zurca.com\/privacy-policy\/#breadcrumb","itemListElement":[{"@type":"ListItem","position":1,"name":"Home","item":"https:\/\/zurca.com\/en\/"},{"@type":"ListItem","position":2,"name":"Privacy Policy"}]},{"@type":"WebSite","@id":"https:\/\/zurca.com\/#website","url":"https:\/\/zurca.com\/","name":"Zurca Designs","description":"Digital Design Agency","potentialAction":[{"@type":"SearchAction","target":{"@type":"EntryPoint","urlTemplate":"https:\/\/zurca.com\/?s={search_term_string}"},"query-input":"required name=search_term_string"}],"inLanguage":"es"}]}},"_links":{"self":[{"href":"https:\/\/zurca.com\/es\/wp-json\/wp\/v2\/pages\/2305","targetHints":{"allow":["GET"]}}],"collection":[{"href":"https:\/\/zurca.com\/es\/wp-json\/wp\/v2\/pages"}],"about":[{"href":"https:\/\/zurca.com\/es\/wp-json\/wp\/v2\/types\/page"}],"author":[{"embeddable":true,"href":"https:\/\/zurca.com\/es\/wp-json\/wp\/v2\/users\/1"}],"replies":[{"embeddable":true,"href":"https:\/\/zurca.com\/es\/wp-json\/wp\/v2\/comments?post=2305"}],"version-history":[{"count":0,"href":"https:\/\/zurca.com\/es\/wp-json\/wp\/v2\/pages\/2305\/revisions"}],"wp:attachment":[{"href":"https:\/\/zurca.com\/es\/wp-json\/wp\/v2\/media?parent=2305"}],"curies":[{"name":"wp","href":"https:\/\/api.w.org\/{rel}","templated":true}]}}